{"id":2074,"date":"2026-04-08T09:07:57","date_gmt":"2026-04-08T09:07:57","guid":{"rendered":"http:\/\/nataliagarciaarconada.es\/?page_id=2074"},"modified":"2026-04-08T09:07:57","modified_gmt":"2026-04-08T09:07:57","slug":"politica-de-cookies","status":"publish","type":"page","link":"https:\/\/nataliagarciaarconada.es\/en\/politica-de-cookies\/","title":{"rendered":"Cookie policy"},"content":{"rendered":"<p>[et_pb_section fb_built=\u00bb1&#8243; _builder_version=\u00bb4.27.4&#8243; _module_preset=\u00bbdefault\u00bb border_width_left=\u00bb50px\u00bb border_color_left=\u00bb#26333a\u00bb global_colors_info=\u00bb{}\u00bb theme_builder_area=\u00bbpost_content\u00bb][et_pb_row _builder_version=\u00bb4.27.4&#8243; _module_preset=\u00bbdefault\u00bb global_colors_info=\u00bb{}\u00bb theme_builder_area=\u00bbpost_content\u00bb][et_pb_column type=\u00bb4_4&#8243; _builder_version=\u00bb4.27.4&#8243; _module_preset=\u00bbdefault\u00bb global_colors_info=\u00bb{}\u00bb theme_builder_area=\u00bbpost_content\u00bb][et_pb_heading title=\u00bbINFORMACI\u00d3N LEGAL\u00bb _builder_version=\u00bb4.27.4&#8243; _module_preset=\u00bbdefault\u00bb title_font=\u00bb|700|||||||\u00bb title_text_color=\u00bb#26333a\u00bb title_font_size=\u00bb20px\u00bb custom_margin=\u00bb||48px|||\u00bb global_colors_info=\u00bb{}\u00bb theme_builder_area=\u00bbpost_content\u00bb][\/et_pb_heading][et_pb_heading title=\u00bbPol\u00edtica de Cookies\u00bb _builder_version=\u00bb4.27.4&#8243; _module_preset=\u00bbdefault\u00bb title_font=\u00bbPrata|700|||||||\u00bb title_text_color=\u00bb#26333a\u00bb title_font_size=\u00bb56px\u00bb custom_margin=\u00bb-20px|||||\u00bb global_colors_info=\u00bb{}\u00bb theme_builder_area=\u00bbpost_content\u00bb][\/et_pb_heading][\/et_pb_column][\/et_pb_row][\/et_pb_section][et_pb_section fb_built=\u00bb1&#8243; _builder_version=\u00bb4.27.4&#8243; _module_preset=\u00bbdefault\u00bb global_colors_info=\u00bb{}\u00bb theme_builder_area=\u00bbpost_content\u00bb][et_pb_row _builder_version=\u00bb4.27.4&#8243; _module_preset=\u00bbdefault\u00bb custom_margin=\u00bb-9px|auto||auto||\u00bb global_colors_info=\u00bb{}\u00bb theme_builder_area=\u00bbpost_content\u00bb][et_pb_column type=\u00bb4_4&#8243; _builder_version=\u00bb4.27.4&#8243; _module_preset=\u00bbdefault\u00bb global_colors_info=\u00bb{}\u00bb theme_builder_area=\u00bbpost_content\u00bb][et_pb_text _builder_version=\u00bb4.27.4&#8243; _module_preset=\u00bbdefault\u00bb hover_enabled=\u00bb0&#8243; global_colors_info=\u00bb{}\u00bb theme_builder_area=\u00bbpost_content\u00bb sticky_enabled=\u00bb0&#8243;]<\/p>\n<p><span>Raz\u00f3n social:\u00a0<strong>NATALIA GARC\u00cdA ARCONADA<\/strong><\/span><br \/><span>NIF: <strong>71119975 L<\/strong><\/span><br \/><span>Direcci\u00f3n:\u00a0<strong>C\/LA CESTILLA, 7, ENTREPLANTA , 34001, PALENCIA.<\/strong><\/span><br \/><span>Correo:\u00a0<strong>natalia@najeragarc\u00eda.com<\/strong><\/span><br \/><span><strong><\/strong><\/span><\/p>\n<p><span>Este sitio web puede utilizar cookies t\u00e9cnicas (peque\u00f1os archivos de informaci\u00f3n que el servidor env\u00eda al ordenador de quien accede a la p\u00e1gina) para llevar a cabo determinadas funciones que son consideradas imprescindibles para el correcto funcionamiento y visualizaci\u00f3n del sitio. Las cookies utilizadas tienen, en todo caso, car\u00e1cter temporal, con la \u00fanica finalidad de hacer m\u00e1s eficaz la navegaci\u00f3n, y desaparecen al terminar la sesi\u00f3n del usuario. En ning\u00fan caso, estas cookies proporcionan por s\u00ed mismas datos de car\u00e1cter personal y no se utilizar\u00e1n para la recogida de los mismos. Este sitio web no instalar\u00e1 cookies prescindibles sin el consentimiento previo del usuario.<\/span><\/p>\n<p><span>El USUARIO tiene la posibilidad de configurar su navegador para ser alertado de la recepci\u00f3n de cookies y para impedir su instalaci\u00f3n en su equipo. Por favor, consulte las instrucciones de su navegador para ampliar esta informaci\u00f3n.<\/span><\/p>\n<p><span>Legislaci\u00f3n aplicable y jurisdicci\u00f3n<\/span><br \/><span>La relaci\u00f3n con el USUARIO se regir\u00e1 por la normativa espa\u00f1ola vigente y cualquier controversia se someter\u00e1 a los Juzgados y tribunales que corresponda conforme a derecho.<\/span><\/p>\n<p><span>Existen hojas de reclamaciones a disposici\u00f3n del consumidor en la direcci\u00f3n de Raz\u00f3n social:\u00a0<strong>NATALIA GARC\u00cdA ARCONADA con <\/strong>NIF: <strong>71119975 L, <\/strong>direcci\u00f3n en: <strong>C\/LA CESTILLA, 7, ENTREPLANTA , 34001, PALENCIA, <\/strong>y correo electr\u00f3nico: <strong>natalia@najeragarc\u00eda.com<\/strong><strong>\u00a0<\/strong><\/span><\/p>\n<p><span>De acuerdo a lo previsto en la legislaci\u00f3n nacional y comunitaria con respecto a protecci\u00f3n al consumidor, se ofrece la posibilidad de recurrir a un mecanismo de reclamaci\u00f3n y resoluci\u00f3n de conflicto en l\u00ednea, conforme al art\u00edculo 14 del Reglamento 524\/2013 de la UE. La Comisi\u00f3n facilita esta plataforma que est\u00e1 disponible en el siguiente enlace: https:\/\/ec.europa.eu\/consumers\/odr\/main\/index.cfm?event=main.home2.show&amp;lng=ES<\/span><\/p>\n<p><span><strong>\u00bfQu\u00e9 es una \u201cCookie\u201d?<\/strong><\/span><br \/><span>Las cookies son peque\u00f1os archivos de textos que se usan para almacenar informaci\u00f3n. Las cookies se almacenan en tu dispositivo cuando accedes a una p\u00e1gina web desde tu navegador. Estas cookies nos ayudan a que hacer funcionar la web, a hacerla m\u00e1s segura, a mejorar la experiencia de usuario y a entender c\u00f3mo se comporta la web y d\u00f3nde es necesario hacer mejoras o corregir errores.<\/span><\/p>\n<p><span>Utilizamos cookies propias y de terceros para mejorar el funcionamiento t\u00e9cnico de la web, analizar tu navegaci\u00f3n con fines estad\u00edsticos, personalizar tu experiencia o mostrar publicidad relacionada con tus preferencias.<\/span><\/p>\n<p><span>\u00bfPor qu\u00e9 debo permitir las cookies?<\/span><br \/><span>Al permitir las cookies, podr\u00e1s obtener una mejor experiencia en nuestro sitio web.<\/span><\/p>\n<p><span>Adem\u00e1s, hay algunas acciones b\u00e1sicas que requieren cookies, tales como la compra de una l\u00ednea de tel\u00e9fono o gestiones en el \u00e1rea de clientes.<\/span><\/p>\n<p><span>Por ejemplo, usamos cookies en los siguientes casos: \u2013 Cuando te logas en tu cuenta \u2013 Un hist\u00f3rico de tus preferencias para tu pr\u00f3xima visita \u2013 Proporcionar contenido personalizado<\/span><\/p>\n<p><span>\u00a0<\/span><\/p>\n<p><span><strong>Cookies propias<\/strong><\/span><\/p>\n<p><span>Las creadas o gestionadas por el responsable de la p\u00e1gina web.<\/span><\/p>\n<p><span>Finalidades t\u00e9cnicas: Son aqu\u00e9llas que permiten al usuario la navegaci\u00f3n a trav\u00e9s de una p\u00e1gina web, plataforma o aplicaci\u00f3n y la utilizaci\u00f3n de las diferentes opciones o servicios que en ella existan como, por ejemplo, controlar el tr\u00e1fico y la comunicaci\u00f3n de datos o almacenar contenidos para la difusi\u00f3n de videos o sonido.<\/span><\/p>\n<p><span>Finalidad de an\u00e1lisis: Son aqu\u00e9llas que permiten el seguimiento y an\u00e1lisis del comportamiento de los usuarios de la p\u00e1gina web, para la elaboraci\u00f3n de perfiles de navegaci\u00f3n, con el fin de introducir mejoras en funci\u00f3n del an\u00e1lisis de los datos de uso que se haga sobre la web. Entre otros datos, un identificador de usuario por sesi\u00f3n y la fecha de primera conexi\u00f3n a la web y de la ocasi\u00f3n anterior en la que accedi\u00f3 a la web.<\/span><\/p>\n<p><span><strong>Cookies de terceros<\/strong><\/span><\/p>\n<p><span>Son cookies servidas y administradas por prestadores de servicios publicitarios y\/o de an\u00e1lisis ajenos al responsable de la p\u00e1gina web.<\/span><\/p>\n<p><span>Estas cookies permiten la gesti\u00f3n eficaz y adaptada a las preferencias del usuario de campa\u00f1as publicitarias e informativas. Pueden almacenar informaci\u00f3n del comportamiento de los usuarios de qdq.com para desarrollar un perfil espec\u00edfico para mostrar publicidad en funci\u00f3n de sus intereses.<\/span><\/p>\n<p><span>Al final de esta p\u00e1gina, se detallan tanto los terceros que pueden configurar y acceder a cookies de su equipo (no exentas de informaci\u00f3n y consentimiento), como enlaces a la pol\u00edtica de privacidad de estos proveedores.<\/span><\/p>\n<p>[\/et_pb_text][\/et_pb_column][\/et_pb_row][\/et_pb_section][et_pb_section fb_built=\u00bb1&#8243; _builder_version=\u00bb4.27.4&#8243; _module_preset=\u00bbdefault\u00bb custom_margin=\u00bb-31px|||||\u00bb global_colors_info=\u00bb{}\u00bb theme_builder_area=\u00bbpost_content\u00bb][et_pb_row _builder_version=\u00bb4.27.4&#8243; _module_preset=\u00bbdefault\u00bb global_colors_info=\u00bb{}\u00bb theme_builder_area=\u00bbpost_content\u00bb][et_pb_column type=\u00bb4_4&#8243; _builder_version=\u00bb4.27.4&#8243; _module_preset=\u00bbdefault\u00bb global_colors_info=\u00bb{}\u00bb theme_builder_area=\u00bbpost_content\u00bb][et_pb_image src=\u00bbhttp:\/\/nataliagarciaarconada.es\/wp-content\/uploads\/2026\/04\/PUBLI-KIT.jpg\u00bb title_text=\u00bbPUBLI KIT\u00bb _builder_version=\u00bb4.27.4&#8243; _module_preset=\u00bbdefault\u00bb global_colors_info=\u00bb{}\u00bb theme_builder_area=\u00bbpost_content\u00bb][\/et_pb_image][\/et_pb_column][\/et_pb_row][\/et_pb_section][et_pb_section fb_built=\u00bb1&#8243; _builder_version=\u00bb4.27.4&#8243; _module_preset=\u00bbdefault\u00bb background_color=\u00bb#26333a\u00bb custom_margin=\u00bb-11px|||||\u00bb global_colors_info=\u00bb{}\u00bb theme_builder_area=\u00bbpost_content\u00bb][et_pb_row column_structure=\u00bb1_5,3_5,1_5&#8243; _builder_version=\u00bb4.27.4&#8243; _module_preset=\u00bbdefault\u00bb global_colors_info=\u00bb{}\u00bb theme_builder_area=\u00bbpost_content\u00bb][et_pb_column type=\u00bb1_5&#8243; _builder_version=\u00bb4.27.4&#8243; _module_preset=\u00bbdefault\u00bb global_colors_info=\u00bb{}\u00bb theme_builder_area=\u00bbpost_content\u00bb][\/et_pb_column][et_pb_column type=\u00bb3_5&#8243; _builder_version=\u00bb4.27.4&#8243; _module_preset=\u00bbdefault\u00bb global_colors_info=\u00bb{}\u00bb theme_builder_area=\u00bbpost_content\u00bb][et_pb_image src=\u00bbhttp:\/\/nataliagarciaarconada.es\/wp-content\/uploads\/2026\/04\/logoBlanco-scaled.png\u00bb title_text=\u00bblogoBlanco\u00bb align=\u00bbcenter\u00bb _builder_version=\u00bb4.27.4&#8243; _module_preset=\u00bbdefault\u00bb width=\u00bb31%\u00bb global_colors_info=\u00bb{}\u00bb theme_builder_area=\u00bbpost_content\u00bb][\/et_pb_image][et_pb_text _builder_version=\u00bb4.27.4&#8243; _module_preset=\u00bbdefault\u00bb text_font=\u00bbPrata|700|||||||\u00bb text_text_color=\u00bb#FFFFFF\u00bb text_font_size=\u00bb16px\u00bb global_colors_info=\u00bb{}\u00bb theme_builder_area=\u00bbpost_content\u00bb]<\/p>\n<p style=\"text-align: center;\">C\/ La Cestilla, 7, Entreplanta, 34001, Palencia<\/p>\n<p style=\"text-align: center;\">607 642 323<\/p>\n<p style=\"text-align: center;\">natalia@najeragarc\u00eda.com<\/p>\n<p style=\"text-align: center;\">[\/et_pb_text][\/et_pb_column][et_pb_column type=\u00bb1_5&#8243; _builder_version=\u00bb4.27.4&#8243; _module_preset=\u00bbdefault\u00bb global_colors_info=\u00bb{}\u00bb theme_builder_area=\u00bbpost_content\u00bb][\/et_pb_column][\/et_pb_row][\/et_pb_section]<\/p>\n","protected":false},"excerpt":{"rendered":"<p>Raz\u00f3n social:\u00a0NATALIA GARC\u00cdA ARCONADANIF: 71119975 LDirecci\u00f3n:\u00a0C\/LA CESTILLA, 7, ENTREPLANTA , 34001, PALENCIA.Correo:\u00a0natalia@najeragarc\u00eda.com Este sitio web puede utilizar cookies t\u00e9cnicas (peque\u00f1os archivos de informaci\u00f3n que el servidor env\u00eda al ordenador de quien accede a la p\u00e1gina) para llevar a cabo determinadas funciones que son consideradas imprescindibles para el correcto funcionamiento y visualizaci\u00f3n del sitio. Las cookies [&hellip;]<\/p>\n","protected":false},"author":1,"featured_media":0,"parent":0,"menu_order":0,"comment_status":"closed","ping_status":"closed","template":"","meta":{"_et_pb_use_builder":"on","_et_pb_old_content":"","_et_gb_content_width":"","footnotes":""},"class_list":["post-2074","page","type-page","status-publish","hentry"],"yoast_head":"<!-- This site is optimized with the Yoast SEO plugin v27.3 - https:\/\/yoast.com\/product\/yoast-seo-wordpress\/ -->\n<title>Pol\u00edtica de Cookies - Natalia Garc\u00eda Arconada - Abogada<\/title>\n<meta name=\"robots\" content=\"index, follow, max-snippet:-1, max-image-preview:large, max-video-preview:-1\" \/>\n<link rel=\"canonical\" href=\"https:\/\/nataliagarciaarconada.es\/en\/politica-de-cookies\/\" \/>\n<meta property=\"og:locale\" content=\"en_GB\" \/>\n<meta property=\"og:type\" content=\"article\" \/>\n<meta property=\"og:title\" content=\"Pol\u00edtica de Cookies - Natalia Garc\u00eda Arconada - Abogada\" \/>\n<meta property=\"og:description\" content=\"Raz\u00f3n social:\u00a0NATALIA GARC\u00cdA ARCONADANIF: 71119975 LDirecci\u00f3n:\u00a0C\/LA CESTILLA, 7, ENTREPLANTA , 34001, PALENCIA.Correo:\u00a0natalia@najeragarc\u00eda.com Este sitio web puede utilizar cookies t\u00e9cnicas (peque\u00f1os archivos de informaci\u00f3n que el servidor env\u00eda al ordenador de quien accede a la p\u00e1gina) para llevar a cabo determinadas funciones que son consideradas imprescindibles para el correcto funcionamiento y visualizaci\u00f3n del sitio. Las cookies [&hellip;]\" \/>\n<meta property=\"og:url\" content=\"https:\/\/nataliagarciaarconada.es\/en\/politica-de-cookies\/\" \/>\n<meta property=\"og:site_name\" content=\"Natalia Garc\u00eda Arconada - Abogada\" \/>\n<meta name=\"twitter:card\" content=\"summary_large_image\" \/>\n<script type=\"application\/ld+json\" class=\"yoast-schema-graph\">{\"@context\":\"https:\\\/\\\/schema.org\",\"@graph\":[{\"@type\":\"WebPage\",\"@id\":\"https:\\\/\\\/nataliagarciaarconada.es\\\/politica-de-cookies\\\/\",\"url\":\"https:\\\/\\\/nataliagarciaarconada.es\\\/politica-de-cookies\\\/\",\"name\":\"Pol\u00edtica de Cookies - Natalia Garc\u00eda Arconada - Abogada\",\"isPartOf\":{\"@id\":\"https:\\\/\\\/nataliagarciaarconada.es\\\/#website\"},\"datePublished\":\"2026-04-08T09:07:57+00:00\",\"breadcrumb\":{\"@id\":\"https:\\\/\\\/nataliagarciaarconada.es\\\/politica-de-cookies\\\/#breadcrumb\"},\"inLanguage\":\"en-GB\",\"potentialAction\":[{\"@type\":\"ReadAction\",\"target\":[\"https:\\\/\\\/nataliagarciaarconada.es\\\/politica-de-cookies\\\/\"]}]},{\"@type\":\"BreadcrumbList\",\"@id\":\"https:\\\/\\\/nataliagarciaarconada.es\\\/politica-de-cookies\\\/#breadcrumb\",\"itemListElement\":[{\"@type\":\"ListItem\",\"position\":1,\"name\":\"Portada\",\"item\":\"https:\\\/\\\/nataliagarciaarconada.es\\\/\"},{\"@type\":\"ListItem\",\"position\":2,\"name\":\"Pol\u00edtica de Cookies\"}]},{\"@type\":\"WebSite\",\"@id\":\"https:\\\/\\\/nataliagarciaarconada.es\\\/#website\",\"url\":\"https:\\\/\\\/nataliagarciaarconada.es\\\/\",\"name\":\"Natalia Garc\u00eda Arconada - Abogada\",\"description\":\"Despacho de abogada en Palencia. Asesoramiento en derecho penal, derecho de familia y tr\u00e1mites de extranjer\u00eda, con una atenci\u00f3n cercana, profesional y eficaz. \u2014 Natalia Garc\u00eda Arconada.\",\"publisher\":{\"@id\":\"https:\\\/\\\/nataliagarciaarconada.es\\\/#organization\"},\"potentialAction\":[{\"@type\":\"SearchAction\",\"target\":{\"@type\":\"EntryPoint\",\"urlTemplate\":\"https:\\\/\\\/nataliagarciaarconada.es\\\/?s={search_term_string}\"},\"query-input\":{\"@type\":\"PropertyValueSpecification\",\"valueRequired\":true,\"valueName\":\"search_term_string\"}}],\"inLanguage\":\"en-GB\"},{\"@type\":\"Organization\",\"@id\":\"https:\\\/\\\/nataliagarciaarconada.es\\\/#organization\",\"name\":\"Natalia Garc\u00eda Arconada - Abogada\",\"url\":\"https:\\\/\\\/nataliagarciaarconada.es\\\/\",\"logo\":{\"@type\":\"ImageObject\",\"inLanguage\":\"en-GB\",\"@id\":\"https:\\\/\\\/nataliagarciaarconada.es\\\/#\\\/schema\\\/logo\\\/image\\\/\",\"url\":\"http:\\\/\\\/nataliagarciaarconada.es\\\/wp-content\\\/uploads\\\/2026\\\/04\\\/logoAzul-scaled.png\",\"contentUrl\":\"http:\\\/\\\/nataliagarciaarconada.es\\\/wp-content\\\/uploads\\\/2026\\\/04\\\/logoAzul-scaled.png\",\"width\":2560,\"height\":2124,\"caption\":\"Natalia Garc\u00eda Arconada - Abogada\"},\"image\":{\"@id\":\"https:\\\/\\\/nataliagarciaarconada.es\\\/#\\\/schema\\\/logo\\\/image\\\/\"}}]}<\/script>\n<!-- \/ Yoast SEO plugin. -->","yoast_head_json":{"title":"Pol\u00edtica de Cookies - Natalia Garc\u00eda Arconada - Abogada","robots":{"index":"index","follow":"follow","max-snippet":"max-snippet:-1","max-image-preview":"max-image-preview:large","max-video-preview":"max-video-preview:-1"},"canonical":"https:\/\/nataliagarciaarconada.es\/en\/politica-de-cookies\/","og_locale":"en_GB","og_type":"article","og_title":"Pol\u00edtica de Cookies - Natalia Garc\u00eda Arconada - Abogada","og_description":"Raz\u00f3n social:\u00a0NATALIA GARC\u00cdA ARCONADANIF: 71119975 LDirecci\u00f3n:\u00a0C\/LA CESTILLA, 7, ENTREPLANTA , 34001, PALENCIA.Correo:\u00a0natalia@najeragarc\u00eda.com Este sitio web puede utilizar cookies t\u00e9cnicas (peque\u00f1os archivos de informaci\u00f3n que el servidor env\u00eda al ordenador de quien accede a la p\u00e1gina) para llevar a cabo determinadas funciones que son consideradas imprescindibles para el correcto funcionamiento y visualizaci\u00f3n del sitio. Las cookies [&hellip;]","og_url":"https:\/\/nataliagarciaarconada.es\/en\/politica-de-cookies\/","og_site_name":"Natalia Garc\u00eda Arconada - Abogada","twitter_card":"summary_large_image","schema":{"@context":"https:\/\/schema.org","@graph":[{"@type":"WebPage","@id":"https:\/\/nataliagarciaarconada.es\/politica-de-cookies\/","url":"https:\/\/nataliagarciaarconada.es\/politica-de-cookies\/","name":"Pol\u00edtica de Cookies - Natalia Garc\u00eda Arconada - Abogada","isPartOf":{"@id":"https:\/\/nataliagarciaarconada.es\/#website"},"datePublished":"2026-04-08T09:07:57+00:00","breadcrumb":{"@id":"https:\/\/nataliagarciaarconada.es\/politica-de-cookies\/#breadcrumb"},"inLanguage":"en-GB","potentialAction":[{"@type":"ReadAction","target":["https:\/\/nataliagarciaarconada.es\/politica-de-cookies\/"]}]},{"@type":"BreadcrumbList","@id":"https:\/\/nataliagarciaarconada.es\/politica-de-cookies\/#breadcrumb","itemListElement":[{"@type":"ListItem","position":1,"name":"Portada","item":"https:\/\/nataliagarciaarconada.es\/"},{"@type":"ListItem","position":2,"name":"Pol\u00edtica de Cookies"}]},{"@type":"WebSite","@id":"https:\/\/nataliagarciaarconada.es\/#website","url":"https:\/\/nataliagarciaarconada.es\/","name":"Natalia Garc\u00eda Arconada - Abogada","description":"Despacho de abogada en Palencia. Asesoramiento en derecho penal, derecho de familia y tr\u00e1mites de extranjer\u00eda, con una atenci\u00f3n cercana, profesional y eficaz. \u2014 Natalia Garc\u00eda Arconada.","publisher":{"@id":"https:\/\/nataliagarciaarconada.es\/#organization"},"potentialAction":[{"@type":"SearchAction","target":{"@type":"EntryPoint","urlTemplate":"https:\/\/nataliagarciaarconada.es\/?s={search_term_string}"},"query-input":{"@type":"PropertyValueSpecification","valueRequired":true,"valueName":"search_term_string"}}],"inLanguage":"en-GB"},{"@type":"Organization","@id":"https:\/\/nataliagarciaarconada.es\/#organization","name":"Natalia Garc\u00eda Arconada - Abogada","url":"https:\/\/nataliagarciaarconada.es\/","logo":{"@type":"ImageObject","inLanguage":"en-GB","@id":"https:\/\/nataliagarciaarconada.es\/#\/schema\/logo\/image\/","url":"http:\/\/nataliagarciaarconada.es\/wp-content\/uploads\/2026\/04\/logoAzul-scaled.png","contentUrl":"http:\/\/nataliagarciaarconada.es\/wp-content\/uploads\/2026\/04\/logoAzul-scaled.png","width":2560,"height":2124,"caption":"Natalia Garc\u00eda Arconada - Abogada"},"image":{"@id":"https:\/\/nataliagarciaarconada.es\/#\/schema\/logo\/image\/"}}]}},"_links":{"self":[{"href":"https:\/\/nataliagarciaarconada.es\/en\/wp-json\/wp\/v2\/pages\/2074","targetHints":{"allow":["GET"]}}],"collection":[{"href":"https:\/\/nataliagarciaarconada.es\/en\/wp-json\/wp\/v2\/pages"}],"about":[{"href":"https:\/\/nataliagarciaarconada.es\/en\/wp-json\/wp\/v2\/types\/page"}],"author":[{"embeddable":true,"href":"https:\/\/nataliagarciaarconada.es\/en\/wp-json\/wp\/v2\/users\/1"}],"replies":[{"embeddable":true,"href":"https:\/\/nataliagarciaarconada.es\/en\/wp-json\/wp\/v2\/comments?post=2074"}],"version-history":[{"count":2,"href":"https:\/\/nataliagarciaarconada.es\/en\/wp-json\/wp\/v2\/pages\/2074\/revisions"}],"predecessor-version":[{"id":2076,"href":"https:\/\/nataliagarciaarconada.es\/en\/wp-json\/wp\/v2\/pages\/2074\/revisions\/2076"}],"wp:attachment":[{"href":"https:\/\/nataliagarciaarconada.es\/en\/wp-json\/wp\/v2\/media?parent=2074"}],"curies":[{"name":"wp","href":"https:\/\/api.w.org\/{rel}","templated":true}]}}